{"id":2152,"date":"2022-11-14T10:29:27","date_gmt":"2022-11-14T10:29:27","guid":{"rendered":"https:\/\/pre-www.afinkia.es\/?page_id=2152"},"modified":"2023-11-09T12:40:42","modified_gmt":"2023-11-09T12:40:42","slug":"politica-de-privacidad","status":"publish","type":"page","link":"https:\/\/pre-www.afinkia.es\/?page_id=2152","title":{"rendered":"Pol\u00edtica de privacidad"},"content":{"rendered":"<div class=\"fusion-fullwidth fullwidth-box fusion-builder-row-1 fusion-flex-container has-pattern-background has-mask-background nonhundred-percent-fullwidth non-hundred-percent-height-scrolling\" style=\"--awb-border-radius-top-left:0px;--awb-border-radius-top-right:0px;--awb-border-radius-bottom-right:0px;--awb-border-radius-bottom-left:0px;--awb-flex-wrap:wrap;\" ><div class=\"fusion-builder-row fusion-row fusion-flex-align-items-flex-start fusion-flex-content-wrap\" style=\"max-width:1310.4px;margin-left: calc(-4% \/ 2 );margin-right: calc(-4% \/ 2 );\"><div class=\"fusion-layout-column fusion_builder_column fusion-builder-column-0 fusion_builder_column_1_1 1_1 fusion-flex-column\" style=\"--awb-bg-size:cover;--awb-width-large:100%;--awb-margin-top-large:0px;--awb-spacing-right-large:1.92%;--awb-margin-bottom-large:0px;--awb-spacing-left-large:1.92%;--awb-width-medium:100%;--awb-order-medium:0;--awb-spacing-right-medium:1.92%;--awb-spacing-left-medium:1.92%;--awb-width-small:100%;--awb-order-small:0;--awb-spacing-right-small:1.92%;--awb-spacing-left-small:1.92%;\"><div class=\"fusion-column-wrapper fusion-column-has-shadow fusion-flex-justify-content-flex-start fusion-content-layout-column\"><div class=\"fusion-text fusion-text-1\" style=\"--awb-text-font-family:&quot;Work Sans&quot;;--awb-text-font-style:normal;--awb-text-font-weight:400;\"><div class=\"page-title title-left solid-bg page-title-responsive-enabled\">\n<div class=\"wf-wrap\">\n<div class=\"wf-container-title\">\n<div class=\"wf-table\">\n<div class=\"wf-td hgroup\">\n<h1 style=\"--fontsize: 60; line-height: 1.3; --fontSize: 60;\" data-fontsize=\"60\" data-lineheight=\"78px\" class=\"fusion-responsive-typography-calculated\">Pol\u00edtica de privacidad<\/h1>\n<\/div>\n<div class=\"wf-td\"><\/div>\n<\/div>\n<\/div>\n<\/div>\n<\/div>\n<div id=\"main\" class=\"sidebar-none sidebar-divider-off\">\n<div class=\"wf-wrap\">\n<div class=\"wf-container-main\">\n<div id=\"content\" class=\"content\" role=\"main\">\n<p><b><span data-contrast=\"none\">Pol\u00edtica de privacidad:<\/span><\/b><\/p>\n<p><span data-contrast=\"auto\">La presente Pol\u00edtica de protecci\u00f3n de datos personales (en adelante, \u201c<\/span><b><span data-contrast=\"auto\">Pol\u00edtica de Privacidad<\/span><\/b><span data-contrast=\"auto\">\u201d) regula el tratamiento de datos personales de los usuarios web <a href=\"http:\/\/www.afinkia.es\">www.afinkia.es<\/a><\/span><span data-contrast=\"auto\"> de acuerdo con lo establecido en la legislaci\u00f3n aplicable en materia de protecci\u00f3n de datos, (Reglamento UE 2016\/679 y Ley Org\u00e1nica 3\/2018, de Protecci\u00f3n de Datos Personales y garant\u00eda de los derechos digitales).<\/span><\/p>\n<\/p>\n<p><b><span data-contrast=\"auto\">1. \u00bfQUI\u00c9N ES EL RESPONSABLE DEL TRATAMIENTO DE SUS DATOS PERSONALES? <\/span><\/b><\/p>\n<ul>\n<li data-leveltext=\"\uf0b7\" data-font=\"Symbol\" data-listid=\"4\" aria-setsize=\"-1\" data-aria-posinset=\"1\" data-aria-level=\"1\"><span data-contrast=\"none\">Nombre del titular: AFINKIA SOLUCIONES DIGITALES, S.L.<\/span><\/li>\n<li data-leveltext=\"\uf0b7\" data-font=\"Symbol\" data-listid=\"4\" aria-setsize=\"-1\" data-aria-posinset=\"2\" data-aria-level=\"1\"><span data-contrast=\"none\">Domicilio social: Paseo Ciudadela, 13, Entresuelos 2-3-4<\/span><\/li>\n<li data-leveltext=\"\uf0b7\" data-font=\"Symbol\" data-listid=\"4\" aria-setsize=\"-1\" data-aria-posinset=\"3\" data-aria-level=\"1\"><span data-contrast=\"none\">Poblaci\u00f3n: Valencia<\/span><\/li>\n<li data-leveltext=\"\uf0b7\" data-font=\"Symbol\" data-listid=\"4\" aria-setsize=\"-1\" data-aria-posinset=\"4\" data-aria-level=\"1\"><span data-contrast=\"none\">CP: 46003<\/span><\/li>\n<li data-leveltext=\"\uf0b7\" data-font=\"Symbol\" data-listid=\"4\" aria-setsize=\"-1\" data-aria-posinset=\"4\" data-aria-level=\"1\"><span data-contrast=\"none\">CIF: B56530991 <\/span><\/li>\n<li data-leveltext=\"\uf0b7\" data-font=\"Symbol\" data-listid=\"4\" aria-setsize=\"-1\" data-aria-posinset=\"4\" data-aria-level=\"1\"><span data-contrast=\"none\">Tel\u00e9fono de contacto: <\/span>+34 963 066 262<\/li>\n<li data-leveltext=\"\uf0b7\" data-font=\"Symbol\" data-listid=\"4\" aria-setsize=\"-1\" data-aria-posinset=\"4\" data-aria-level=\"1\"><span data-contrast=\"none\">Correo electr\u00f3nico: <font color=\"rgba(0, 0, 0, 0)\"><a href=\"info@afinkia.es\" target=\"_blank\" rel=\"noopener noreferrer\">info@afinkia.es<\/a><\/font> <\/span><\/li>\n<\/ul>\n<p><span data-contrast=\"auto\">Usted confirma y garantiza la veracidad y exactitud de los datos aportados, y que \u00e9stos se ajustan a su estado actual. En este sentido, se compromete a comunicar cualquier modificaci\u00f3n que se produjera en los mismos, de acuerdo con el procedimiento establecido en el apartado relativo al ejercicio de sus derechos.<\/span><\/p>\n<\/p>\n<p><b><span data-contrast=\"auto\">2. \u00bfCON QUE FINALIDADES VAMOS A TRATAR SUS DATOS PERSONALES? <\/span><\/b><\/p>\n<p><span data-contrast=\"auto\">Le informamos de que todos los datos tratados por AFINKIA SOLUCIONES DIGITALES, S.L. son necesarios para las finalidades descritas en la presente Pol\u00edtica de Privacidad y el hecho de no facilitarlos supondr\u00eda la imposibilidad de poder gestionar adecuadamente la relaci\u00f3n existente con usted. <\/span><\/p>\n<p><span data-contrast=\"auto\">A continuaci\u00f3n, se describen las diferentes finalidades con las que se tratan sus datos personales y las bases que legitiman el tratamiento:<\/span><\/p>\n<p><b><span data-contrast=\"auto\">I. Tratamiento por ejecuci\u00f3n de la relaci\u00f3n contractual:<\/span><\/b><\/p>\n<ul>\n<li data-leveltext=\"\uf0b7\" data-font=\"Symbol\" data-listid=\"1\" aria-setsize=\"-1\" data-aria-posinset=\"1\" data-aria-level=\"1\"><span data-contrast=\"auto\">Gestionar la relaci\u00f3n comercial, atendiendo a las diferentes solicitudes de informaci\u00f3n sobre los servicios ofrecidos por el Responsable.<\/span><\/li>\n<li data-leveltext=\"\uf0b7\" data-font=\"Symbol\" data-listid=\"1\" aria-setsize=\"-1\" data-aria-posinset=\"2\" data-aria-level=\"1\"><span data-contrast=\"auto\">Formalizar la relaci\u00f3n contractual.<\/span><\/li>\n<li data-leveltext=\"\uf0b7\" data-font=\"Symbol\" data-listid=\"1\" aria-setsize=\"-1\" data-aria-posinset=\"1\" data-aria-level=\"1\"><span data-contrast=\"auto\">Gestionar, mantener y controlar de una forma efectiva la relaci\u00f3n derivada de la contrataci\u00f3n de los servicios.<\/span><\/li>\n<\/ul>\n<p><span data-contrast=\"auto\">En caso de que no autorice el tratamiento de sus datos para las anteriores finalidades, ello no afectara al mantenimiento o cumplimiento de la relaci\u00f3n contractual que mantiene con nosotros.<\/span><\/p>\n<p><b><span data-contrast=\"auto\">II. Cumplimiento de una obligaci\u00f3n legal:<\/span><\/b><\/p>\n<ul>\n<li data-leveltext=\"\uf0b7\" data-font=\"Symbol\" data-listid=\"1\" aria-setsize=\"-1\" data-aria-posinset=\"1\" data-aria-level=\"1\"><span data-contrast=\"auto\">Gestionar adecuadamente las solicitudes de derechos de la normativa vigente de protecci\u00f3n de datos.<\/span><\/li>\n<li data-leveltext=\"\uf0b7\" data-font=\"Symbol\" data-listid=\"1\" aria-setsize=\"-1\" data-aria-posinset=\"2\" data-aria-level=\"1\"><span data-contrast=\"auto\">Comunicar sus datos a autoridades p\u00fablicas, reguladores u \u00f3rganos gubernamentales en aquellos supuestos en que es necesario hacerlo por ley, normativa local o en el cumplimiento de obligaciones regulatorias.<\/span><\/li>\n<\/ul>\n<p><b><span data-contrast=\"auto\">III. Consentimiento del interesado:<\/span><\/b><\/p>\n<ul>\n<li data-leveltext=\"\uf0b7\" data-font=\"Symbol\" data-listid=\"6\" aria-setsize=\"-1\" data-aria-posinset=\"1\" data-aria-level=\"1\"><span data-contrast=\"auto\">Gestionar adecuadamente los consentimientos otorgados por los usuarios.<\/span><\/li>\n<\/ul>\n<p><b><span data-contrast=\"auto\">3. \u00bfA QUI\u00c9NES LE COMUNICAREMOS SUS DATOS? <\/span><\/b><\/p>\n<p><span data-contrast=\"auto\">En los t\u00e9rminos descritos en el apartado sobre las finalidades del tratamiento, AFINKIA SOLUCIONES DIGITALES, S.L. \u00fanicamente comunicar\u00e1 sus datos personales a las siguientes entidades:<\/span><\/p>\n<ul>\n<li data-leveltext=\"\uf0b7\" data-font=\"Symbol\" data-listid=\"1\" aria-setsize=\"-1\" data-aria-posinset=\"1\" data-aria-level=\"1\"><span data-contrast=\"auto\">Autoridades p\u00fablicas, reguladores u \u00f3rganos gubernamentales o jurisdiccionales en aquellos supuestos en que es necesario hacerlo por ley, normativa local o en el cumplimiento de obligaciones regulatorias. Entre otros, a las administraciones tributarias.<\/span><\/li>\n<li data-leveltext=\"\uf0b7\" data-font=\"Symbol\" data-listid=\"1\" aria-setsize=\"-1\" data-aria-posinset=\"2\" data-aria-level=\"1\"><span data-contrast=\"auto\">En el caso de que usted solicite la portabilidad de sus datos, sus datos personales ser\u00e1n cedidos a la entidad que usted designe.<\/span><\/li>\n<\/ul>\n<p><b><span data-contrast=\"auto\">4. TRANSFERENCIAS INTERNACIONALES DE DATOS <\/span><\/b><\/p>\n<p><span data-contrast=\"auto\">Como norma general, no se efect\u00faan transferencias de datos a terceros localizados o cuyos servidores se ubiquen fuera del Espacio Econ\u00f3mico Europeo. No obstante, en aquellos supuestos excepcionales en los que dichas transferencias internacionales se produzcan, se adoptar\u00e1n las medidas necesarias para que \u00e9stas se hagan a un pa\u00eds u organizaci\u00f3n que haya ofrecido garant\u00edas adecuadas o las mismas puedan fundamentarse en los principios legitimadores establecidos normativamente. <\/span><\/p>\n<\/p>\n<p><b><span data-contrast=\"auto\">5. \u00bfDURANTE QU\u00c9 PLAZO ALMACENAREMOS SUS DATOS?<\/span><\/b><\/p>\n<p><span data-contrast=\"auto\">Trataremos sus datos, siempre y cuando sean necesarios para la finalidad para los que fueron recogidos y, una vez finalizada la relaci\u00f3n que legitima el tratamiento de sus datos, \u00e9stos se almacenar\u00e1n bloqueados con el \u00fanico objetivo de realizar la formulaci\u00f3n y defensa de reclamaciones y la oportuna cesi\u00f3n a requerimiento de las autoridades, \u00fanicamente durante el tiempo establecido legalmente.<\/span><\/p>\n<p><b><span data-contrast=\"auto\">6. DECISIONES AUTOMATIZADAS Y ELABORACI\u00d3N DE PERFILES <\/span><\/b><\/p>\n<p><span data-contrast=\"auto\">La entidad no elaborar\u00e1 perfiles ni realizar\u00e1 decisiones automatizadas.<\/span><\/p>\n<p><b><span data-contrast=\"auto\">7. \u00bfCU\u00c1LES SON SUS DERECHOS?<\/span><\/b><\/p>\n<p><span data-contrast=\"auto\">Le informamos que, de acuerdo con la normativa vigente, usted tiene derecho a revocar el consentimiento otorgado, as\u00ed como a ejercer sus derechos de acceso, rectificaci\u00f3n, supresi\u00f3n, limitaci\u00f3n, oposici\u00f3n, as\u00ed como el derecho a la portabilidad de tus datos y a no ser objeto de decisiones automatizadas.<\/span><\/p>\n<p><span data-contrast=\"auto\">Se informa al interesado que, adem\u00e1s, podr\u00e1 presentar una reclamaci\u00f3n ante la Agencia Espa\u00f1ola de Protecci\u00f3n de Datos (<\/span><a href=\"https:\/\/sedeagpd.gob.es\/\"><span data-contrast=\"none\">https:\/\/sedeagpd.gob.es<\/span><\/a><span data-contrast=\"auto\">), en el supuesto que considere que no se ha atendido convenientemente el ejercicio de sus derechos por parte de AFINKIA SOLUCIONES DIGITALES, S.L.<\/span><\/p>\n<\/p>\n<p><b><span data-contrast=\"auto\">8. \u00bfC\u00d3MO PUEDE EJERCER SUS DERECHOS?<\/span><\/b><\/p>\n<p><span data-contrast=\"auto\">De acuerdo con la legislaci\u00f3n aplicable, le informamos que podr\u00e1 ejercitar los derechos, poni\u00e9ndose en contacto en la siguiente direcci\u00f3n de correo: <a href=\"mailto:info@afinkia.es\">info@afinkia.es<\/a> <\/span><span data-contrast=\"auto\">indic\u00e1ndonos el motivo de su solicitud y el derecho que quiere ejercitar.<\/span><\/p>\n<p><span data-contrast=\"auto\">En caso de que lo consideremos necesario para poder identificarle, podremos solicitarle copia de un documento acreditativo de su identidad. Como alternativa, tambi\u00e9n podr\u00e1 dirigir un escrito junto con la fotocopia de DNI a la siguiente direcci\u00f3n postal Paseo Ciudadela, 13, Entresuelos 2-3-4, 46003 \u2013 Valencia. <\/span><\/p>\n<\/p>\n<p><b><span data-contrast=\"auto\">9. REDES SOCIALES<\/span><\/b><\/p>\n<p><span data-contrast=\"auto\">El usuario a trav\u00e9s de nuestra p\u00e1gina web, dispone de enlaces de acceso a nuestros perfiles en las redes sociales. Estos enlaces a sitios web de terceros, cuyas pol\u00edticas de privacidad son ajenas a la de AFINKIA SOLUCIONES DIGITALES, S.L. al acceder a tales sitios web usted puede decidir si acepta sus pol\u00edticas de privacidad y de cookies. El usuario siempre puede controlar sus conexiones, eliminar los contenidos que dejen de interesarle y restringir con qui\u00e9n comparte sus conexiones, para ello deber\u00e1 acceder a su configuraci\u00f3n de privacidad de la red social en cuesti\u00f3n. Al unirse a nuestra p\u00e1gina de redes sociales, nos facilita su consentimiento para el tratamiento de aquellos datos personales publicados en su perfil.\u202f<\/span><\/p>\n<p><span data-contrast=\"auto\">Sobre el uso de las redes sociales, puede que no tengan sus servidores dentro de Espa\u00f1a o la Uni\u00f3n Europea.\u202fPor lo que, recomendamos conocer su pol\u00edtica de privacidad y\u202fconsultar las normas y pol\u00edticas del titular de la red social en los siguientes links:\u202f<\/span><\/p>\n<ul>\n<li data-leveltext=\"\uf0b7\" data-font=\"Symbol\" data-listid=\"5\" aria-setsize=\"-1\" data-aria-posinset=\"1\" data-aria-level=\"1\"><span data-contrast=\"auto\">Twitter:\u202f<\/span><a href=\"https:\/\/twitter.com\/es\/privacy\"><span data-contrast=\"none\">https:\/\/twitter.com\/es\/privacy<\/span><\/a><span data-contrast=\"auto\">\u202f\u202f<\/span><\/li>\n<li data-leveltext=\"\uf0b7\" data-font=\"Symbol\" data-listid=\"5\" aria-setsize=\"-1\" data-aria-posinset=\"2\" data-aria-level=\"1\"><span data-contrast=\"auto\">Youtube:\u202f<\/span><a href=\"https:\/\/policies.google.com\/privacy?hl=es\"><span data-contrast=\"none\">https:\/\/policies.google.com\/privacy?hl=es<\/span><\/a><span data-contrast=\"auto\">\u202f\u202f<\/span><\/li>\n<li data-leveltext=\"\uf0b7\" data-font=\"Symbol\" data-listid=\"5\" aria-setsize=\"-1\" data-aria-posinset=\"3\" data-aria-level=\"1\"><span data-contrast=\"auto\">Linkedin: <\/span><a href=\"https:\/\/es.linkedin.com\/legal\/privacy-policy\"><span data-contrast=\"none\">https:\/\/es.linkedin.com\/legal\/privacy-policy<\/span><\/a><\/li>\n<\/ul>\n<p><b><span data-contrast=\"auto\">10. MODIFICACI\u00d3N DE LA POL\u00cdTICA DE PRIVACIDAD<\/span><\/b><\/p>\n<p><span data-contrast=\"auto\">AFINKIA SOLUCIONES DIGITALES, S.L. <\/span><span data-contrast=\"none\">puede modificar total o parcialmente esta Pol\u00edtica de Privacidad si as\u00ed lo requiere la legislaci\u00f3n aplicable.<\/span><\/p>\n<\/p>\n<p><b><span data-contrast=\"none\">Fecha de \u00faltima versi\u00f3n:\u202fSeptiembre 2023<\/span><\/b><\/p>\n<\/div>\n<\/div>\n<\/div>\n<\/div>\n<\/div><\/div><\/div><\/div><\/div>\n","protected":false},"excerpt":{"rendered":"","protected":false},"author":7,"featured_media":0,"parent":0,"menu_order":0,"comment_status":"closed","ping_status":"closed","template":"100-width.php","meta":{"footnotes":""},"class_list":["post-2152","page","type-page","status-publish","hentry"],"jetpack_sharing_enabled":true,"_links":{"self":[{"href":"https:\/\/pre-www.afinkia.es\/index.php?rest_route=\/wp\/v2\/pages\/2152","targetHints":{"allow":["GET"]}}],"collection":[{"href":"https:\/\/pre-www.afinkia.es\/index.php?rest_route=\/wp\/v2\/pages"}],"about":[{"href":"https:\/\/pre-www.afinkia.es\/index.php?rest_route=\/wp\/v2\/types\/page"}],"author":[{"embeddable":true,"href":"https:\/\/pre-www.afinkia.es\/index.php?rest_route=\/wp\/v2\/users\/7"}],"replies":[{"embeddable":true,"href":"https:\/\/pre-www.afinkia.es\/index.php?rest_route=%2Fwp%2Fv2%2Fcomments&post=2152"}],"version-history":[{"count":13,"href":"https:\/\/pre-www.afinkia.es\/index.php?rest_route=\/wp\/v2\/pages\/2152\/revisions"}],"predecessor-version":[{"id":2519,"href":"https:\/\/pre-www.afinkia.es\/index.php?rest_route=\/wp\/v2\/pages\/2152\/revisions\/2519"}],"wp:attachment":[{"href":"https:\/\/pre-www.afinkia.es\/index.php?rest_route=%2Fwp%2Fv2%2Fmedia&parent=2152"}],"curies":[{"name":"wp","href":"https:\/\/api.w.org\/{rel}","templated":true}]}}